{"id":1298,"date":"2020-08-26T13:28:29","date_gmt":"2020-08-26T13:28:29","guid":{"rendered":"http:\/\/obiektywnienajpiekniejsze.pl\/?page_id=1298"},"modified":"2020-08-26T15:41:01","modified_gmt":"2020-08-26T15:41:01","slug":"planujesz-porod-w-domu","status":"publish","type":"page","link":"http:\/\/obiektywnienajpiekniejsze.pl\/?page_id=1298","title":{"rendered":"Jesli planujesz por\u00f3d w domu"},"content":{"rendered":"<div id=\"pl-1298\"  class=\"panel-layout\" ><div id=\"pg-1298-0\"  class=\"panel-grid panel-no-style\" ><div id=\"pgc-1298-0-0\"  class=\"panel-grid-cell panel-grid-cell-empty\" ><\/div><\/div><div id=\"pg-1298-1\"  class=\"panel-grid panel-no-style\" ><div id=\"pgc-1298-1-0\"  class=\"panel-grid-cell\" ><div id=\"panel-1298-1-0-0\" class=\"so-panel widget widget_text panel-first-child panel-last-child\" data-index=\"0\" >\t\t\t<div class=\"textwidget\"><p>Doskonale rozumiem, \u017ce w czasie pandemii decyzj\u0119 o ka\u017cdej osobie, kt\u00f3ra b\u0119dzie Wam towarzyszy\u0107 w dniu porodu b\u0119dziecie podejmowa\u0107 z dodatkow\u0105 rozwag\u0105.<\/p>\n<p>Je\u015bli chcieliby\u015bcie uwieczni\u0107 chwile pierwszego spotkania, jestem gotowa do Was do\u0142\u0105czy\u0107, aby wykona\u0107 reporta\u017c z narodzin Waszego Male\u0144stwa w pe\u0142nym poszanowaniu zasad bezpiecze\u0144stwa i zachowaniu wszelkich \u015brodk\u00f3w ostro\u017cno\u015bci, o kt\u00f3rych mi powiecie. Dbam na co dzie\u0144 o bezpiecze\u0144stwo swoje i swojej rodziny, unikam skupisk ludzi i przestrzegam rekomendacji GIS.<\/p>\n<\/div>\n\t\t<\/div><\/div><div id=\"pgc-1298-1-1\"  class=\"panel-grid-cell\" ><div id=\"panel-1298-1-1-0\" class=\"so-panel widget widget_media_image panel-first-child panel-last-child\" data-index=\"1\" ><img loading=\"lazy\" decoding=\"async\" width=\"849\" height=\"567\" src=\"http:\/\/obiektywnienajpiekniejsze.pl\/wp-content\/uploads\/2020\/08\/wdomu1.jpg\" class=\"image wp-image-1301  attachment-full size-full\" alt=\"\" style=\"max-width: 100%; height: auto;\" srcset=\"http:\/\/obiektywnienajpiekniejsze.pl\/wp-content\/uploads\/2020\/08\/wdomu1.jpg 849w, http:\/\/obiektywnienajpiekniejsze.pl\/wp-content\/uploads\/2020\/08\/wdomu1-300x200.jpg 300w, http:\/\/obiektywnienajpiekniejsze.pl\/wp-content\/uploads\/2020\/08\/wdomu1-768x513.jpg 768w, http:\/\/obiektywnienajpiekniejsze.pl\/wp-content\/uploads\/2020\/08\/wdomu1-720x480.jpg 720w, http:\/\/obiektywnienajpiekniejsze.pl\/wp-content\/uploads\/2020\/08\/wdomu1-272x182.jpg 272w\" sizes=\"auto, (max-width: 849px) 100vw, 849px\" \/><\/div><\/div><\/div><div id=\"pg-1298-2\"  class=\"panel-grid panel-no-style\" ><div id=\"pgc-1298-2-0\"  class=\"panel-grid-cell\" ><div id=\"panel-1298-2-0-0\" class=\"so-panel widget widget_text panel-first-child panel-last-child\" data-index=\"2\" >\t\t\t<div class=\"textwidget\"><p>Je\u015bli planujecie por\u00f3d w domu to koniecznie porozmawiajcie z po\u0142o\u017cnymi, kt\u00f3re b\u0119d\u0105 Wam towarzyszy\u0107 na jakich zasadach mog\u0119 do\u0142\u0105czy\u0107 i jakie \u015brodki ostro\u017cno\u015bci powinny by\u0107 przestrzegane np. noszenie maseczki, r\u0119kawiczek etc.<\/p>\n<p>Przestrze\u0144 domowa jest wspania\u0142ym miejscem do wykonania reporta\u017cu z narodzin. Jest naturalnym otoczeniem dla Was. Dodatkowo Was wyra\u017ca. Nie przejmujcie si\u0119, \u017ce nie b\u0119dzie by\u0107 mo\u017ce idealnie posprz\u0105tane, albo \u017ce macie malutkie pokoje czy \u0142azienk\u0119. Ju\u017c moja w tym g\u0142owa, \u017ceby znale\u017a\u0107 dobr\u0105 perspektyw\u0119 i ciekaw\u0105 kompozycj\u0119, aby zdj\u0119cia wysz\u0142y wyj\u0105tkowo. Po latach wspaniale jest w\u0142a\u015bnie spojrze\u0107 na to jak wygl\u0105da\u0142o nasze mieszkanie. Pot\u0119guje to wyj\u0105tkowo\u015b\u0107 reporta\u017cu z narodzin. Przy domowym porodzie pojawiaj\u0105 si\u0119 dodatkowo niesamowite emocje wszystkich domownik\u00f3w \u2013 starszych dzieciak\u00f3w, dziadk\u00f3w czy Waszych pupili. Fotografuj\u0105c histori\u0119 narodzin na pewno zatrzymam je w kadrach.<\/p>\n<\/div>\n\t\t<\/div><\/div><\/div><div id=\"pg-1298-3\"  class=\"panel-grid panel-no-style\" ><div id=\"pgc-1298-3-0\"  class=\"panel-grid-cell\" ><div id=\"panel-1298-3-0-0\" class=\"so-panel widget widget_text panel-first-child panel-last-child\" data-index=\"3\" >\t\t\t<div class=\"textwidget\"><p>Je\u015bli macie pytania odno\u015bnie wykonywania przeze mnie takiego reporta\u017cu ch\u0119tnie si\u0119 z Wami niezobowi\u0105zuj\u0105co spotkam \u201ena \u017cywo\u201d albo wirtualnie na ZOOM lub innym video komunikatorze. Ch\u0119tnie us\u0142ysz\u0119, jakie s\u0105 Wasze oczekiwania. Poznam Was a wy mnie.<\/p>\n<p>Wiem, \u017ce porody domowe nie s\u0105 refundowane przez NFZ a czas pandemii nie jest ekonomicznie \u0142atwym czasem wi\u0119c przygotowa\u0142am specjaln\u0105 ofert\u0119 na reporta\u017c dla rodzic\u00f3w planuj\u0105cych narodziny w domu.<\/p>\n<p>Czekam na Wasz kontakt.<\/p>\n<\/div>\n\t\t<\/div><\/div><div id=\"pgc-1298-3-1\"  class=\"panel-grid-cell\" ><div id=\"panel-1298-3-1-0\" class=\"so-panel widget widget_media_image panel-first-child panel-last-child\" data-index=\"4\" ><img loading=\"lazy\" decoding=\"async\" width=\"849\" height=\"567\" src=\"http:\/\/obiektywnienajpiekniejsze.pl\/wp-content\/uploads\/2020\/08\/wdomu3.jpg\" class=\"image wp-image-1300  attachment-full size-full\" alt=\"\" style=\"max-width: 100%; height: auto;\" srcset=\"http:\/\/obiektywnienajpiekniejsze.pl\/wp-content\/uploads\/2020\/08\/wdomu3.jpg 849w, http:\/\/obiektywnienajpiekniejsze.pl\/wp-content\/uploads\/2020\/08\/wdomu3-300x200.jpg 300w, http:\/\/obiektywnienajpiekniejsze.pl\/wp-content\/uploads\/2020\/08\/wdomu3-768x513.jpg 768w, http:\/\/obiektywnienajpiekniejsze.pl\/wp-content\/uploads\/2020\/08\/wdomu3-720x480.jpg 720w, http:\/\/obiektywnienajpiekniejsze.pl\/wp-content\/uploads\/2020\/08\/wdomu3-272x182.jpg 272w\" sizes=\"auto, (max-width: 849px) 100vw, 849px\" \/><\/div><\/div><\/div><div id=\"pg-1298-4\"  class=\"panel-grid panel-no-style\" ><div id=\"pgc-1298-4-0\"  class=\"panel-grid-cell\" ><div id=\"panel-1298-4-0-0\" class=\"so-panel widget widget_media_image panel-first-child panel-last-child\" data-index=\"5\" ><img loading=\"lazy\" decoding=\"async\" width=\"1385\" height=\"925\" src=\"http:\/\/obiektywnienajpiekniejsze.pl\/wp-content\/uploads\/2020\/08\/wdomu2.jpg\" class=\"image wp-image-1299  attachment-full size-full\" alt=\"\" style=\"max-width: 100%; height: auto;\" srcset=\"http:\/\/obiektywnienajpiekniejsze.pl\/wp-content\/uploads\/2020\/08\/wdomu2.jpg 1385w, http:\/\/obiektywnienajpiekniejsze.pl\/wp-content\/uploads\/2020\/08\/wdomu2-300x200.jpg 300w, http:\/\/obiektywnienajpiekniejsze.pl\/wp-content\/uploads\/2020\/08\/wdomu2-1024x684.jpg 1024w, http:\/\/obiektywnienajpiekniejsze.pl\/wp-content\/uploads\/2020\/08\/wdomu2-768x513.jpg 768w, http:\/\/obiektywnienajpiekniejsze.pl\/wp-content\/uploads\/2020\/08\/wdomu2-720x480.jpg 720w, http:\/\/obiektywnienajpiekniejsze.pl\/wp-content\/uploads\/2020\/08\/wdomu2-272x182.jpg 272w\" sizes=\"auto, (max-width: 1385px) 100vw, 1385px\" \/><\/div><\/div><div id=\"pgc-1298-4-1\"  class=\"panel-grid-cell\" ><div id=\"panel-1298-4-1-0\" class=\"so-panel widget widget_media_image panel-first-child panel-last-child\" data-index=\"6\" ><img loading=\"lazy\" decoding=\"async\" width=\"1387\" height=\"926\" src=\"http:\/\/obiektywnienajpiekniejsze.pl\/wp-content\/uploads\/2020\/08\/wdomu4.jpg\" class=\"image wp-image-1306  attachment-full size-full\" alt=\"\" style=\"max-width: 100%; height: auto;\" srcset=\"http:\/\/obiektywnienajpiekniejsze.pl\/wp-content\/uploads\/2020\/08\/wdomu4.jpg 1387w, http:\/\/obiektywnienajpiekniejsze.pl\/wp-content\/uploads\/2020\/08\/wdomu4-300x200.jpg 300w, http:\/\/obiektywnienajpiekniejsze.pl\/wp-content\/uploads\/2020\/08\/wdomu4-1024x684.jpg 1024w, http:\/\/obiektywnienajpiekniejsze.pl\/wp-content\/uploads\/2020\/08\/wdomu4-768x513.jpg 768w, http:\/\/obiektywnienajpiekniejsze.pl\/wp-content\/uploads\/2020\/08\/wdomu4-720x480.jpg 720w, http:\/\/obiektywnienajpiekniejsze.pl\/wp-content\/uploads\/2020\/08\/wdomu4-272x182.jpg 272w\" sizes=\"auto, (max-width: 1387px) 100vw, 1387px\" \/><\/div><\/div><\/div><\/div>","protected":false},"excerpt":{"rendered":"<p>Doskonale rozumiem, \u017ce w czasie pandemii decyzj\u0119 o ka\u017cdej osobie, kt\u00f3ra b\u0119dzie Wam towarzyszy\u0107 w dniu porodu b\u0119dziecie podejmowa\u0107 z dodatkow\u0105 rozwag\u0105. Je\u015bli chcieliby\u015bcie uwieczni\u0107 chwile pierwszego spotkania, jestem gotowa do Was do\u0142\u0105czy\u0107, aby wykona\u0107 reporta\u017c z narodzin Waszego Male\u0144stwa [&hellip;]<\/p>\n","protected":false},"author":1,"featured_media":0,"parent":0,"menu_order":0,"comment_status":"closed","ping_status":"closed","template":"","meta":{"footnotes":""},"class_list":["post-1298","page","type-page","status-publish","hentry"],"_links":{"self":[{"href":"http:\/\/obiektywnienajpiekniejsze.pl\/index.php?rest_route=\/wp\/v2\/pages\/1298","targetHints":{"allow":["GET"]}}],"collection":[{"href":"http:\/\/obiektywnienajpiekniejsze.pl\/index.php?rest_route=\/wp\/v2\/pages"}],"about":[{"href":"http:\/\/obiektywnienajpiekniejsze.pl\/index.php?rest_route=\/wp\/v2\/types\/page"}],"author":[{"embeddable":true,"href":"http:\/\/obiektywnienajpiekniejsze.pl\/index.php?rest_route=\/wp\/v2\/users\/1"}],"replies":[{"embeddable":true,"href":"http:\/\/obiektywnienajpiekniejsze.pl\/index.php?rest_route=%2Fwp%2Fv2%2Fcomments&post=1298"}],"version-history":[{"count":11,"href":"http:\/\/obiektywnienajpiekniejsze.pl\/index.php?rest_route=\/wp\/v2\/pages\/1298\/revisions"}],"predecessor-version":[{"id":1345,"href":"http:\/\/obiektywnienajpiekniejsze.pl\/index.php?rest_route=\/wp\/v2\/pages\/1298\/revisions\/1345"}],"wp:attachment":[{"href":"http:\/\/obiektywnienajpiekniejsze.pl\/index.php?rest_route=%2Fwp%2Fv2%2Fmedia&parent=1298"}],"curies":[{"name":"wp","href":"https:\/\/api.w.org\/{rel}","templated":true}]}}